{"id":626,"date":"2014-07-12T11:10:13","date_gmt":"2014-07-12T10:10:13","guid":{"rendered":"http:\/\/www.mercadoc.org\/cms\/?page_id=626"},"modified":"2014-07-12T11:10:13","modified_gmt":"2014-07-12T10:10:13","slug":"livres-marketing-sensoriel-experientiel","status":"publish","type":"page","link":"http:\/\/www.mercadoc.org\/cms\/livres-marketing-sensoriel-experientiel\/","title":{"rendered":"Quelques ouvrages"},"content":{"rendered":"<p>Retrouvez ci-dessous quelques ouvrages consacr\u00e9s au diff\u00e9rentes facettes du marketing exp\u00e9rientiel et du marketing sensoriel.<br \/>\n<iframe loading=\"lazy\" src=\"http:\/\/astore.amazon.fr\/mercadoc-21\" width=\"90%\" height=\"1500\" frameborder=\"0\" scrolling=\"no\"><\/iframe><\/p>\n","protected":false},"excerpt":{"rendered":"<p>Retrouvez ci-dessous quelques ouvrages consacr\u00e9s au diff\u00e9rentes facettes du marketing exp\u00e9rientiel et du marketing sensoriel.<\/p>\n","protected":false},"author":1,"featured_media":558,"parent":0,"menu_order":0,"comment_status":"open","ping_status":"closed","template":"","meta":{"_et_pb_use_builder":"","_et_pb_old_content":"","_et_gb_content_width":"","_cbd_carousel_blocks":"[]","footnotes":""},"class_list":["post-626","page","type-page","status-publish","has-post-thumbnail","hentry"],"yoast_head":"<!-- This site is optimized with the Yoast SEO plugin v26.7 - https:\/\/yoast.com\/wordpress\/plugins\/seo\/ -->\n<title>Quelques ouvrages - Mercadoc<\/title>\n<meta name=\"robots\" content=\"index, follow, max-snippet:-1, max-image-preview:large, max-video-preview:-1\" \/>\n<link rel=\"canonical\" href=\"http:\/\/www.mercadoc.org\/cms\/livres-marketing-sensoriel-experientiel\/\" \/>\n<meta property=\"og:locale\" content=\"en_US\" \/>\n<meta property=\"og:type\" content=\"article\" \/>\n<meta property=\"og:title\" content=\"Quelques ouvrages - Mercadoc\" \/>\n<meta property=\"og:description\" content=\"Retrouvez ci-dessous quelques ouvrages consacr\u00e9s au diff\u00e9rentes facettes du marketing exp\u00e9rientiel et du marketing sensoriel.\" \/>\n<meta property=\"og:url\" content=\"http:\/\/www.mercadoc.org\/cms\/livres-marketing-sensoriel-experientiel\/\" \/>\n<meta property=\"og:site_name\" content=\"Mercadoc\" \/>\n<meta property=\"article:publisher\" content=\"https:\/\/www.facebook.com\/bruno.dauce\" \/>\n<meta name=\"twitter:card\" content=\"summary_large_image\" \/>\n<meta name=\"twitter:site\" content=\"@brunodauce\" \/>\n<!-- \/ Yoast SEO plugin. -->","yoast_head_json":{"title":"Quelques ouvrages - Mercadoc","robots":{"index":"index","follow":"follow","max-snippet":"max-snippet:-1","max-image-preview":"max-image-preview:large","max-video-preview":"max-video-preview:-1"},"canonical":"http:\/\/www.mercadoc.org\/cms\/livres-marketing-sensoriel-experientiel\/","og_locale":"en_US","og_type":"article","og_title":"Quelques ouvrages - Mercadoc","og_description":"Retrouvez ci-dessous quelques ouvrages consacr\u00e9s au diff\u00e9rentes facettes du marketing exp\u00e9rientiel et du marketing sensoriel.","og_url":"http:\/\/www.mercadoc.org\/cms\/livres-marketing-sensoriel-experientiel\/","og_site_name":"Mercadoc","article_publisher":"https:\/\/www.facebook.com\/bruno.dauce","twitter_card":"summary_large_image","twitter_site":"@brunodauce","schema":{"@context":"https:\/\/schema.org","@graph":[{"@type":"WebPage","@id":"http:\/\/www.mercadoc.org\/cms\/livres-marketing-sensoriel-experientiel\/","url":"http:\/\/www.mercadoc.org\/cms\/livres-marketing-sensoriel-experientiel\/","name":"Quelques ouvrages - Mercadoc","isPartOf":{"@id":"http:\/\/www.mercadoc.org\/cms\/#website"},"primaryImageOfPage":{"@id":"http:\/\/www.mercadoc.org\/cms\/livres-marketing-sensoriel-experientiel\/#primaryimage"},"image":{"@id":"http:\/\/www.mercadoc.org\/cms\/livres-marketing-sensoriel-experientiel\/#primaryimage"},"thumbnailUrl":"","datePublished":"2014-07-12T10:10:13+00:00","breadcrumb":{"@id":"http:\/\/www.mercadoc.org\/cms\/livres-marketing-sensoriel-experientiel\/#breadcrumb"},"inLanguage":"en-US","potentialAction":[{"@type":"ReadAction","target":["http:\/\/www.mercadoc.org\/cms\/livres-marketing-sensoriel-experientiel\/"]}]},{"@type":"ImageObject","inLanguage":"en-US","@id":"http:\/\/www.mercadoc.org\/cms\/livres-marketing-sensoriel-experientiel\/#primaryimage","url":"","contentUrl":""},{"@type":"BreadcrumbList","@id":"http:\/\/www.mercadoc.org\/cms\/livres-marketing-sensoriel-experientiel\/#breadcrumb","itemListElement":[{"@type":"ListItem","position":1,"name":"Accueil","item":"http:\/\/www.mercadoc.org\/cms\/"},{"@type":"ListItem","position":2,"name":"Quelques ouvrages"}]},{"@type":"WebSite","@id":"http:\/\/www.mercadoc.org\/cms\/#website","url":"http:\/\/www.mercadoc.org\/cms\/","name":"Mercadoc","description":"","potentialAction":[{"@type":"SearchAction","target":{"@type":"EntryPoint","urlTemplate":"http:\/\/www.mercadoc.org\/cms\/?s={search_term_string}"},"query-input":{"@type":"PropertyValueSpecification","valueRequired":true,"valueName":"search_term_string"}}],"inLanguage":"en-US"}]}},"_links":{"self":[{"href":"http:\/\/www.mercadoc.org\/cms\/wp-json\/wp\/v2\/pages\/626","targetHints":{"allow":["GET"]}}],"collection":[{"href":"http:\/\/www.mercadoc.org\/cms\/wp-json\/wp\/v2\/pages"}],"about":[{"href":"http:\/\/www.mercadoc.org\/cms\/wp-json\/wp\/v2\/types\/page"}],"author":[{"embeddable":true,"href":"http:\/\/www.mercadoc.org\/cms\/wp-json\/wp\/v2\/users\/1"}],"replies":[{"embeddable":true,"href":"http:\/\/www.mercadoc.org\/cms\/wp-json\/wp\/v2\/comments?post=626"}],"version-history":[{"count":0,"href":"http:\/\/www.mercadoc.org\/cms\/wp-json\/wp\/v2\/pages\/626\/revisions"}],"wp:featuredmedia":[{"embeddable":true,"href":"http:\/\/www.mercadoc.org\/cms\/wp-json\/"}],"wp:attachment":[{"href":"http:\/\/www.mercadoc.org\/cms\/wp-json\/wp\/v2\/media?parent=626"}],"curies":[{"name":"wp","href":"https:\/\/api.w.org\/{rel}","templated":true}]}}