{"id":39,"date":"2014-07-12T22:08:00","date_gmt":"2014-07-12T21:08:00","guid":{"rendered":"http:\/\/www.mercadoc.org\/cms\/?page_id=39"},"modified":"2017-06-06T15:09:55","modified_gmt":"2017-06-06T13:09:55","slug":"maketing-sensoriel","status":"publish","type":"page","link":"http:\/\/www.mercadoc.org\/cms\/maketing-sensoriel\/","title":{"rendered":"Le marketing sensoriel, cl\u00e9 du r\u00e9enchantement ?"},"content":{"rendered":"<p>&nbsp;<\/p>\n<p style=\"text-align: justify;\"><a href=\"http:\/\/www.mercadoc.org\/cms\/wp-content\/uploads\/2014\/05\/Photo-123-Saut.jpg\"><img loading=\"lazy\" decoding=\"async\" class=\"alignleft wp-image-712\" src=\"http:\/\/www.mercadoc.org\/cms\/wp-content\/uploads\/2014\/05\/Photo-123-Saut-300x233.jpg\" alt=\"s'envoyer en l'air\" width=\"450\" height=\"350\" \/><\/a>Quelle couleur, quel son ou m\u00eame quelle odeur ? Qui sait r\u00e9pondre \u00e0 ses questions a fait un pas vers la conqu\u00eate du consommateur. La faiblesse des sources de diff\u00e9renciation l\u00e9gitime l&#8217;int\u00e9r\u00eat des fabricants et des commer\u00e7ants pour ces petits d\u00e9tails qui peuvent expliquer que le consommateur se tourne ou se d\u00e9tourne de leurs produits ou de leurs points de vente.<\/p>\n<p style=\"text-align: justify;\">Ce mouvement se trouve renforc\u00e9 par ce que certains appellent l&#8217;<a title=\"Bienvenue dans l\u2019\u00e9conomie exp\u00e9rientielle\" href=\"http:\/\/www.mercadoc.org\/cms\/economie-experientielle\">\u00e9conomie exp\u00e9rientielle<\/a>. Ainsi, tout ce qui est en mesure de renforcer l&#8217;impact \u00e9motionnel du produit ou du service est recherch\u00e9. Tr\u00e8s souvent, la mise en place de cette exp\u00e9rience rev\u00eat un dimension artistique qui rend difficile la g\u00e9n\u00e9ralisation de l&#8217;exp\u00e9rience propos\u00e9e par exemple au sein des diff\u00e9rents points de vente d&#8217;une enseigne. De la m\u00eame fa\u00e7on, au-del\u00e0 du talent d&#8217;un designer, il est parfois compliqu\u00e9 d&#8217;identifier ce qui dans le design du produit fonctionnera ou ne fonctionnera pas. C&#8217;est ici que le marketing sensoriel peut prendre toute sa place. En effet, il peut contribuer \u00e0 l&#8217;habillage sensoriel de l&#8217;exp\u00e9rience en s&#8217;appuyant sur les travaux men\u00e9s sur l&#8217;influence des diff\u00e9rentes dimension sensorielles du produit ou du point de vente. Il va intervenir sur trois dimensions du mix : le produit, la distribution et la communication.<\/p>\n<h2 style=\"text-align: justify;\">Marketing sensoriel : quelle d\u00e9finition ?<\/h2>\n<p style=\"text-align: justify;\">A partir des \u00e9l\u00e9ments ci-dessus, <strong>nous proposons\u00a0la d\u00e9finition suivante du marketing sensoriel<\/strong> :<\/p>\n<blockquote><p><em>Le marketing sensoriel est une d\u00e9clinaison du marketing qui vise \u00e0 stimuler les achats et \u00e0 conforter le lien entre la marque et ses clients gr\u00e2ce \u00e0 la sollicitation des 5 sens dans le cadre des actions men\u00e9es sur le produit, la distribution et la communication.<\/em><\/p><\/blockquote>\n<p style=\"text-align: justify;\"><span style=\"line-height: 1.5em;\">\u00a0D\u00e8s lors, on peut parler de marketing visuel, de marketing sonore, de marketing tactile ou de marketing olfactif. L&#8217;ensemble des actions men\u00e9es sur les diff\u00e9rents sens permet de r\u00e9enchanter l&#8217;offre produit ou service en apportant au consommateur la part de r\u00eave qui va l&#8217;\u00e9loigner de la grisaille de son quotidien. Ainsi, selon une enqu\u00eate r\u00e9alis\u00e9e par le Boston Consulting Group cit\u00e9 par <a href=\"http:\/\/bit.ly\/1t45x4i\">Les Echos<\/a>, &#8220;les Fran\u00e7ais ne sont que 41 % \u00e0 dire qu&#8217;ils sont&#8221;satisfaits de leur vie aujourd&#8217;hui&#8221;, contre plus de 60 % pour les Allemands ou les Espagnols&#8221;. De la m\u00eame fa\u00e7on on peut constater une certaine d\u00e9saffection d&#8217;une partie des consommateurs pour les marques et le consommation. D\u00e8s lors, il ne faut pas s&#8217;\u00e9tonner que les professionnels du marketing soient \u00e0 la recherche de tous les moyens leur permettant de r\u00e9enchanter la consommation. Le marketing sensoriel peut les y aider.<\/span><\/p>\n<div class=\"dashboard_icons_container\">\n<div class=\"et_bloom_shortcode_message\">\n<div class=\"et_disabled_textarea\"><\/div>\n<\/div>\n<\/div>\n<div class=\"et_dashboard_modal_footer\"><\/div>\n","protected":false},"excerpt":{"rendered":"<p>&nbsp; Quelle couleur, quel son ou m\u00eame quelle odeur ? Qui sait r\u00e9pondre \u00e0 ses questions a fait un pas vers la conqu\u00eate du consommateur. La faiblesse des sources de diff\u00e9renciation l\u00e9gitime l&#8217;int\u00e9r\u00eat des fabricants et des commer\u00e7ants pour ces petits d\u00e9tails qui peuvent expliquer que le consommateur se tourne ou se d\u00e9tourne de leurs [&hellip;]<\/p>\n","protected":false},"author":1,"featured_media":0,"parent":0,"menu_order":0,"comment_status":"open","ping_status":"closed","template":"","meta":{"_et_pb_use_builder":"","_et_pb_old_content":"","_et_gb_content_width":"","_cbd_carousel_blocks":"[]","footnotes":""},"class_list":["post-39","page","type-page","status-publish","hentry"],"yoast_head":"<!-- This site is optimized with the Yoast SEO plugin v26.7 - https:\/\/yoast.com\/wordpress\/plugins\/seo\/ -->\n<title>Le marketing sensoriel, cl\u00e9 du r\u00e9enchantement ? - Mercadoc<\/title>\n<meta name=\"description\" content=\"Le marketing sensoriel peut aider une entreprise \u00e0 r\u00e9enchanter la consommation et conforter l&#039;exp\u00e9rience propos\u00e9e par la marque.\" \/>\n<meta name=\"robots\" content=\"index, follow, max-snippet:-1, max-image-preview:large, max-video-preview:-1\" \/>\n<link rel=\"canonical\" href=\"http:\/\/www.mercadoc.org\/cms\/maketing-sensoriel\/\" \/>\n<meta property=\"og:locale\" content=\"en_US\" \/>\n<meta property=\"og:type\" content=\"article\" \/>\n<meta property=\"og:title\" content=\"Le marketing sensoriel, cl\u00e9 du r\u00e9enchantement ? - Mercadoc\" \/>\n<meta property=\"og:description\" content=\"Le marketing sensoriel peut aider une entreprise \u00e0 r\u00e9enchanter la consommation et conforter l&#039;exp\u00e9rience propos\u00e9e par la marque.\" \/>\n<meta property=\"og:url\" content=\"http:\/\/www.mercadoc.org\/cms\/maketing-sensoriel\/\" \/>\n<meta property=\"og:site_name\" content=\"Mercadoc\" \/>\n<meta property=\"article:publisher\" content=\"https:\/\/www.facebook.com\/bruno.dauce\" \/>\n<meta property=\"article:modified_time\" content=\"2017-06-06T13:09:55+00:00\" \/>\n<meta property=\"og:image\" content=\"http:\/\/www.mercadoc.org\/cms\/wp-content\/uploads\/2014\/05\/Photo-123-Saut-300x233.jpg\" \/>\n<meta name=\"twitter:card\" content=\"summary_large_image\" \/>\n<meta name=\"twitter:site\" content=\"@brunodauce\" \/>\n<meta name=\"twitter:label1\" content=\"Est. reading time\" \/>\n\t<meta name=\"twitter:data1\" content=\"2 minutes\" \/>\n<!-- \/ Yoast SEO plugin. -->","yoast_head_json":{"title":"Le marketing sensoriel, cl\u00e9 du r\u00e9enchantement ? - Mercadoc","description":"Le marketing sensoriel peut aider une entreprise \u00e0 r\u00e9enchanter la consommation et conforter l'exp\u00e9rience propos\u00e9e par la marque.","robots":{"index":"index","follow":"follow","max-snippet":"max-snippet:-1","max-image-preview":"max-image-preview:large","max-video-preview":"max-video-preview:-1"},"canonical":"http:\/\/www.mercadoc.org\/cms\/maketing-sensoriel\/","og_locale":"en_US","og_type":"article","og_title":"Le marketing sensoriel, cl\u00e9 du r\u00e9enchantement ? - Mercadoc","og_description":"Le marketing sensoriel peut aider une entreprise \u00e0 r\u00e9enchanter la consommation et conforter l'exp\u00e9rience propos\u00e9e par la marque.","og_url":"http:\/\/www.mercadoc.org\/cms\/maketing-sensoriel\/","og_site_name":"Mercadoc","article_publisher":"https:\/\/www.facebook.com\/bruno.dauce","article_modified_time":"2017-06-06T13:09:55+00:00","og_image":[{"url":"http:\/\/www.mercadoc.org\/cms\/wp-content\/uploads\/2014\/05\/Photo-123-Saut-300x233.jpg","type":"","width":"","height":""}],"twitter_card":"summary_large_image","twitter_site":"@brunodauce","twitter_misc":{"Est. reading time":"2 minutes"},"schema":{"@context":"https:\/\/schema.org","@graph":[{"@type":"WebPage","@id":"http:\/\/www.mercadoc.org\/cms\/maketing-sensoriel\/","url":"http:\/\/www.mercadoc.org\/cms\/maketing-sensoriel\/","name":"Le marketing sensoriel, cl\u00e9 du r\u00e9enchantement ? - Mercadoc","isPartOf":{"@id":"http:\/\/www.mercadoc.org\/cms\/#website"},"primaryImageOfPage":{"@id":"http:\/\/www.mercadoc.org\/cms\/maketing-sensoriel\/#primaryimage"},"image":{"@id":"http:\/\/www.mercadoc.org\/cms\/maketing-sensoriel\/#primaryimage"},"thumbnailUrl":"http:\/\/www.mercadoc.org\/cms\/wp-content\/uploads\/2014\/05\/Photo-123-Saut-300x233.jpg","datePublished":"2014-07-12T21:08:00+00:00","dateModified":"2017-06-06T13:09:55+00:00","description":"Le marketing sensoriel peut aider une entreprise \u00e0 r\u00e9enchanter la consommation et conforter l'exp\u00e9rience propos\u00e9e par la marque.","breadcrumb":{"@id":"http:\/\/www.mercadoc.org\/cms\/maketing-sensoriel\/#breadcrumb"},"inLanguage":"en-US","potentialAction":[{"@type":"ReadAction","target":["http:\/\/www.mercadoc.org\/cms\/maketing-sensoriel\/"]}]},{"@type":"ImageObject","inLanguage":"en-US","@id":"http:\/\/www.mercadoc.org\/cms\/maketing-sensoriel\/#primaryimage","url":"","contentUrl":""},{"@type":"BreadcrumbList","@id":"http:\/\/www.mercadoc.org\/cms\/maketing-sensoriel\/#breadcrumb","itemListElement":[{"@type":"ListItem","position":1,"name":"Accueil","item":"http:\/\/www.mercadoc.org\/cms\/"},{"@type":"ListItem","position":2,"name":"Le marketing sensoriel, cl\u00e9 du r\u00e9enchantement ?"}]},{"@type":"WebSite","@id":"http:\/\/www.mercadoc.org\/cms\/#website","url":"http:\/\/www.mercadoc.org\/cms\/","name":"Mercadoc","description":"","potentialAction":[{"@type":"SearchAction","target":{"@type":"EntryPoint","urlTemplate":"http:\/\/www.mercadoc.org\/cms\/?s={search_term_string}"},"query-input":{"@type":"PropertyValueSpecification","valueRequired":true,"valueName":"search_term_string"}}],"inLanguage":"en-US"}]}},"_links":{"self":[{"href":"http:\/\/www.mercadoc.org\/cms\/wp-json\/wp\/v2\/pages\/39","targetHints":{"allow":["GET"]}}],"collection":[{"href":"http:\/\/www.mercadoc.org\/cms\/wp-json\/wp\/v2\/pages"}],"about":[{"href":"http:\/\/www.mercadoc.org\/cms\/wp-json\/wp\/v2\/types\/page"}],"author":[{"embeddable":true,"href":"http:\/\/www.mercadoc.org\/cms\/wp-json\/wp\/v2\/users\/1"}],"replies":[{"embeddable":true,"href":"http:\/\/www.mercadoc.org\/cms\/wp-json\/wp\/v2\/comments?post=39"}],"version-history":[{"count":6,"href":"http:\/\/www.mercadoc.org\/cms\/wp-json\/wp\/v2\/pages\/39\/revisions"}],"predecessor-version":[{"id":28170,"href":"http:\/\/www.mercadoc.org\/cms\/wp-json\/wp\/v2\/pages\/39\/revisions\/28170"}],"wp:attachment":[{"href":"http:\/\/www.mercadoc.org\/cms\/wp-json\/wp\/v2\/media?parent=39"}],"curies":[{"name":"wp","href":"https:\/\/api.w.org\/{rel}","templated":true}]}}