{"id":167,"date":"2014-07-12T09:50:06","date_gmt":"2014-07-12T08:50:06","guid":{"rendered":"http:\/\/www.mercadoc.org\/cms\/?page_id=167"},"modified":"2017-06-06T15:08:30","modified_gmt":"2017-06-06T13:08:30","slug":"marketing-olfactif","status":"publish","type":"page","link":"http:\/\/www.mercadoc.org\/cms\/marketing-olfactif\/","title":{"rendered":"Et le marketing olfactif ?"},"content":{"rendered":"<div><\/div>\n<div style=\"text-align: justify;\">\n<p><span style=\"line-height: 1.5em;\"><span style=\"line-height: 1.5em;\"><span style=\"line-height: 1.5em;\"><a href=\"http:\/\/www.mercadoc.org\/cms\/wp-content\/uploads\/2014\/01\/Photo-058-flacons.jpg\"><img loading=\"lazy\" decoding=\"async\" class=\"alignleft wp-image-580\" src=\"http:\/\/www.mercadoc.org\/cms\/wp-content\/uploads\/2014\/01\/Photo-058-flacons-300x197.jpg\" alt=\"Photo-058-flacons\" width=\"450\" height=\"296\" \/><\/a><\/span><\/span><\/span>Souvent myst\u00e9rieux, le monde des odeurs a longtemps \u00e9chapp\u00e9 aux hommes. Sans doute par ignorance, et alors que nos a\u00efeux n\u2019h\u00e9sitaient pas \u00e0 invoquer le pouvoir des odeurs, l&#8217;homme contemporain a pendant longtemps cherch\u00e9 \u00e0 les dominer en les supprimant de son environnement. Aujourd&#8217;hui, odeurs et parfums constituent pour le marketing un espace de cr\u00e9ativit\u00e9 pour des marques qui n&#8217;h\u00e9sitent plus \u00e0 les mobiliser tant au niveau du produit, qu&#8217;au niveau de leur communication ou de leurs points de vente.<\/p>\n<h2><strong>Marketing sensoriel et marketing exp\u00e9rientiel : une double dynamique de recherche<\/strong><\/h2>\n<p>C&#8217;est Kotler, qui d\u00e8s 1973 souligna la n\u00e9cessit\u00e9 pour le marketing de s&#8217;int\u00e9resser, non seulement aux \u00e9l\u00e9ments tangibles du produit ou du service, mais \u00e9galement \u00e0 l&#8217;atmosph\u00e8re du point de vente. En soulignant le fait que l&#8217;ambiance d&#8217;un point de vente est appr\u00e9hend\u00e9e par le client \u00e0 travers ses diff\u00e9rents sens, il va initier tout un courant de recherches qui vont s&#8217;attacher \u00e0 \u00e9tudier comment les sens influencent le comportement du consommateur. C&#8217;est ainsi que des travaux portant sur les couleurs, la musique, les senteurs d&#8217;ambiance&#8230; vont \u00eatre d\u00e9velopp\u00e9s avant que l&#8217;on ne vienne \u00e0 parler de marketing sensoriel.<\/p>\n<p>Au d\u00e9but des ann\u00e9es 80, Holbrook et Hirschman d\u00e9veloppent ce que l&#8217;on appellera l&#8217;approche exp\u00e9rientielle de la consommation. Ils sugg\u00e8rent que dans certains secteurs d&#8217;activit\u00e9s comme le tourisme, les loisirs, ou bien encore la culture, les individus cherchent avant tout \u00e0 vivre une exp\u00e9rience. Cette approche va peu \u00e0 peu gagner d&#8217;autres secteurs de la consommation. En effet, avec la concurrence et la banalisation des offres ce sont aujourd&#8217;hui tous les secteurs qui entrent dans ce qu\u2019appelleront Pine et Gilmore (1998) <a title=\"Bienvenue dans l\u2019\u00e9conomie exp\u00e9rientielle\" href=\"http:\/\/www.mercadoc.org\/cms\/economie-experientielle\">l&#8217;\u00e9conomie exp\u00e9rientielle<\/a>. Avec le marketing exp\u00e9rientiel chercheurs et praticiens proposent de mettre en musique les diff\u00e9rents \u00e9l\u00e9ments qui permettent aux consommateurs de vivre une exp\u00e9rience en sortant les pratiques d&#8217;une forme d&#8217;art auquel elles sont traditionnellement associ\u00e9es.<\/p>\n<p>Aujourd&#8217;hui, le <a title=\"R\u00e9echanter la consommation avec le marketing exp\u00e9rientiel\" href=\"http:\/\/www.mercadoc.org\/cms\/marketing-experientiel\">marketing exp\u00e9rientiel<\/a> et le <a title=\"La place du marketing sensoriel\" href=\"http:\/\/www.mercadoc.org\/cms\/maketing-sensoriel\">marketing sensoriel<\/a> continuent \u00e0 susciter un int\u00e9r\u00eat incontestable de la part des chercheurs mais \u00e9galement des professionnels du marketing. Il n&#8217;y a plus beaucoup de marques \u00e0 ne pas parler d&#8217;exp\u00e9rience client. D\u00e8s lors, elles s&#8217;int\u00e9ressent \u00e9galement \u00e0 la mani\u00e8re dont il est possible de mobiliser les sens pour cr\u00e9er l&#8217;effet &#8220;whaou&#8221; ou plus simplement aider la marque \u00e0 sortir de la banalit\u00e9 dans laquelle elle s&#8217;installe parfois par paresse.<\/p>\n<h2><strong><span style=\"line-height: 1.5em;\">Pourquoi s&#8217;int\u00e9resser aux odeurs et au marketing olfactif ?<\/span><\/strong><\/h2>\n<p><span style=\"line-height: 1.5em;\">Cette double dynamique participe de l&#8217;engouement que l&#8217;on constate pour les odeurs. En effet, dans la palette des outils aujourd&#8217;hui disponibles, elles pr\u00e9sentent certaines sp\u00e9cificit\u00e9s qui en font un m\u00e9diateur privil\u00e9gi\u00e9 des exp\u00e9riences que souhaitent proposer \u00e0 leurs clients les marques. C&#8217;est tout d&#8217;abord le lien \u00e9troit qu&#8217;elles entretiennent avec les \u00e9motions qui int\u00e9resse le marketing. En effet, susciter du plaisir chez le consommateur semble \u00eatre le nouveau leitmotiv des marques. Pour s&#8217;en convaincre, il suffit de penser au sourire arbor\u00e9 sur le logo d&#8217;Amazon ou \u00e0 son concurrent Zalando qui invite ses clients \u00e0 &#8220;Hurler de plaisir&#8221;. Le secteur automobile suit le m\u00eame mouvement comme on peut le constater avec les slogans de certains constructeurs : Peugeot et &#8220;Motion &amp; Emotion&#8221; ou bien encore Seat qui apr\u00e8s avoir utilis\u00e9 &#8220;Auto Emoci\u00f3n&#8221; signe aujourd&#8217;hui &#8220;Enjoyneering, la technologie au service du plaisir&#8221;. Quant \u00e0 Coca Cola, il nous propose sa &#8220;Happiness Factory&#8221; pour \u00e9tancher notre soif. On pourrait ainsi multiplier les exemples. D\u00e8s lors, il ne fait aucun doute que la capacit\u00e9 des odeurs \u00e0 s&#8217;enraciner dans notre cerveau \u00e0 proximit\u00e9 des zones d\u00e9di\u00e9es aux \u00e9motions ne fait qu&#8217;attiser l&#8217;int\u00e9r\u00eat des professionnels du marketing. Par ailleurs, le lien privil\u00e9gi\u00e9 qu&#8217;entretiendraient les odeurs avec la m\u00e9moire conforte cet int\u00e9r\u00eat. En effet, le marketing ne se concentre plus simplement sur la transaction ayant lieu entre l&#8217;entreprise et son client mais cherche \u00e0 \u00e9tablir une relation durable avec son client afin de le fid\u00e9liser. S&#8217;il est difficile de m\u00e9moriser une odeur on sait par contre que les marques ayant associ\u00e9 \u00e0 leur nom une odeur particuli\u00e8re en tire un b\u00e9n\u00e9fice ind\u00e9niable. Citons par exemple la colle Cl\u00e9op\u00e2tre, l&#8217;odeur des produits Mustella ou bien encore l&#8217;odeur de la p\u00e2te \u00e0 modeler Play Doh. Parfois consid\u00e9r\u00e9es comme une fen\u00eatre ouverte sur nos souvenirs, les odeurs peuvent constituer pour les marques des cl\u00e9s de r\u00e9cup\u00e9ration des exp\u00e9riences v\u00e9cues par leurs clients.<\/span><\/p>\n<p><span style=\"line-height: 1.5em;\">Les recherches men\u00e9es en marketing sur l&#8217;influence des odeurs confirment cet int\u00e9r\u00eat. Ainsi, les recherches men\u00e9es avaient pu montrer l&#8217;influence positive de l&#8217;odeur sur l&#8217;\u00e9valuation de produits ou du temps pass\u00e9 en magasin. Elles ont \u00e9galement montr\u00e9 le r\u00f4le jou\u00e9 par la diffusion d&#8217;une odeur sur le temps pass\u00e9 en magasin et le montant des achats r\u00e9alis\u00e9s. Si les modalit\u00e9s d&#8217;influence ne sont pas clairement \u00e9tablies, il semble n\u00e9anmoins que la congruence joue un r\u00f4le pr\u00e9pond\u00e9rant. Les effets sur le comportement seraient plus importants si l&#8217;odeur utilis\u00e9e est congruente avec le produit ou le public vis\u00e9.<\/span><\/p>\n<p>Il n&#8217;en faut pas plus pour que les professionnels du marketing parle de marketing olfactif.<\/p>\n<p><span style=\"line-height: 1.5em;\"><span style=\"text-decoration: underline;\">Quelques \u00e9l\u00e9ments de bibliographie<\/span> :<\/span><\/p>\n<div>\n<div>\n<div>Douc\u00e9, L., Poels, K., Janssens, W., &amp; De Backer, C. (2013). Smelling the books: The effect of chocolate scent on purchase-related behavior in a bookstore.\u00a0<em>Journal of Environmental Psychology<\/em>,\u00a0<em>36<\/em>, 65\u201169. doi:10.1016\/j.jenvp.2013.07.006<\/div>\n<\/div>\n<\/div>\n<div><\/div>\n<div>\n<div>Herrmann, A., Zidansek, M., Sprott, D. E., &amp; Spangenberg, E. R. (2013). The Power of Simplicity: Processing Fluency and the Effects of Olfactory Cues on Retail Sales.\u00a0<em>Journal of Retailing<\/em>,\u00a0<em>89<\/em>(1), 30\u201143. doi:10.1016\/j.jretai.2012.08.002<\/div>\n<div><\/div>\n<div>Kotler, P. 1973-1974). Atmospherics as a Marketing Tool.\u00a0<em>Journal of Retailing<\/em>, 49(4), 48-64.<\/div>\n<div><\/div>\n<div>\n<div>\n<div>\n<div>\n<div>Pine, B. J., &amp; Gilmore, J. H. (1999).\u00a0<em>The experience economy: work is theatre &amp; every business a stage<\/em>. Boston: Harvard Business School Press.<\/div>\n<div><\/div>\n<\/div>\n<\/div>\n<\/div>\n<\/div>\n<div>\n<div>\n<div>Spangenberg, E. R., Grohmann, B., &amp; Sprott, D. E. (2005). It\u2019s beginning to smell (and sound) a lot like Christmas: the interactive effects of ambient scent and music in a retail setting.\u00a0<em>Journal of Business Research<\/em>,\u00a0<em>58<\/em>(11), 1583\u20111589. doi:10.1016\/j.jbusres.2004.09.005<\/div>\n<\/div>\n<\/div>\n<div><\/div>\n<div>Spangenberg, E. R., Sprott, D. E., Grohmann, B., &amp; Tracy, D. L. (2006). Gender-congruent ambient scent influences on approach and avoidance behaviors in a retail store.\u00a0<em>Journal of Business Research<\/em>,\u00a0<em>59<\/em>(12), 1281\u20111287. doi:10.1016\/j.jbusres.2006.08.006<\/div>\n<div><\/div>\n<div>Teller, C., &amp; Dennis, C. (2012). The effect of ambient scent on consumers\u2019 perception, emotions and behaviour: A critical review.\u00a0<em>Journal of Marketing Management<\/em>,\u00a0<em>28<\/em>(1-2), 14\u201136. doi:10.1080\/0267257X.2011.560719<\/div>\n<\/div>\n<\/div>\n<div><\/div>\n<div>\n<div class=\"dashboard_icons_container\">\n<div class=\"et_bloom_shortcode_message\">\n<div class=\"et_disabled_textarea\"><\/div>\n<\/div>\n<\/div>\n<\/div>\n<div class=\"et_dashboard_modal_footer\"><\/div>\n","protected":false},"excerpt":{"rendered":"<p>Souvent myst\u00e9rieux, le monde des odeurs a longtemps \u00e9chapp\u00e9 aux hommes. Sans doute par ignorance, et alors que nos a\u00efeux n\u2019h\u00e9sitaient pas \u00e0 invoquer le pouvoir des odeurs, l&#8217;homme contemporain a pendant longtemps cherch\u00e9 \u00e0 les dominer en les supprimant de son environnement. Aujourd&#8217;hui, odeurs et parfums constituent pour le marketing un espace de cr\u00e9ativit\u00e9 [&hellip;]<\/p>\n","protected":false},"author":1,"featured_media":0,"parent":0,"menu_order":0,"comment_status":"open","ping_status":"closed","template":"","meta":{"_et_pb_use_builder":"","_et_pb_old_content":"","_et_gb_content_width":"","_cbd_carousel_blocks":"[]","footnotes":""},"class_list":["post-167","page","type-page","status-publish","hentry"],"yoast_head":"<!-- This site is optimized with the Yoast SEO plugin v26.7 - https:\/\/yoast.com\/wordpress\/plugins\/seo\/ -->\n<title>Et le marketing olfactif ? - Mercadoc<\/title>\n<meta name=\"description\" content=\"En raison de son lien fort avec les \u00e9motions, le marketing olfactif est un outil privil\u00e9gi\u00e9 des professionnels souhaitant r\u00e9enchanter la consommation.\" \/>\n<meta name=\"robots\" content=\"index, follow, max-snippet:-1, max-image-preview:large, max-video-preview:-1\" \/>\n<link rel=\"canonical\" href=\"http:\/\/www.mercadoc.org\/cms\/marketing-olfactif\/\" \/>\n<meta property=\"og:locale\" content=\"en_US\" \/>\n<meta property=\"og:type\" content=\"article\" \/>\n<meta property=\"og:title\" content=\"Et le marketing olfactif ? - Mercadoc\" \/>\n<meta property=\"og:description\" content=\"En raison de son lien fort avec les \u00e9motions, le marketing olfactif est un outil privil\u00e9gi\u00e9 des professionnels souhaitant r\u00e9enchanter la consommation.\" \/>\n<meta property=\"og:url\" content=\"http:\/\/www.mercadoc.org\/cms\/marketing-olfactif\/\" \/>\n<meta property=\"og:site_name\" content=\"Mercadoc\" \/>\n<meta property=\"article:publisher\" content=\"https:\/\/www.facebook.com\/bruno.dauce\" \/>\n<meta property=\"article:modified_time\" content=\"2017-06-06T13:08:30+00:00\" \/>\n<meta property=\"og:image\" content=\"http:\/\/www.mercadoc.org\/cms\/wp-content\/uploads\/2014\/01\/Photo-058-flacons-300x197.jpg\" \/>\n<meta name=\"twitter:card\" content=\"summary_large_image\" \/>\n<meta name=\"twitter:site\" content=\"@brunodauce\" \/>\n<meta name=\"twitter:label1\" content=\"Est. reading time\" \/>\n\t<meta name=\"twitter:data1\" content=\"5 minutes\" \/>\n<!-- \/ Yoast SEO plugin. -->","yoast_head_json":{"title":"Et le marketing olfactif ? - Mercadoc","description":"En raison de son lien fort avec les \u00e9motions, le marketing olfactif est un outil privil\u00e9gi\u00e9 des professionnels souhaitant r\u00e9enchanter la consommation.","robots":{"index":"index","follow":"follow","max-snippet":"max-snippet:-1","max-image-preview":"max-image-preview:large","max-video-preview":"max-video-preview:-1"},"canonical":"http:\/\/www.mercadoc.org\/cms\/marketing-olfactif\/","og_locale":"en_US","og_type":"article","og_title":"Et le marketing olfactif ? - Mercadoc","og_description":"En raison de son lien fort avec les \u00e9motions, le marketing olfactif est un outil privil\u00e9gi\u00e9 des professionnels souhaitant r\u00e9enchanter la consommation.","og_url":"http:\/\/www.mercadoc.org\/cms\/marketing-olfactif\/","og_site_name":"Mercadoc","article_publisher":"https:\/\/www.facebook.com\/bruno.dauce","article_modified_time":"2017-06-06T13:08:30+00:00","og_image":[{"url":"http:\/\/www.mercadoc.org\/cms\/wp-content\/uploads\/2014\/01\/Photo-058-flacons-300x197.jpg","type":"","width":"","height":""}],"twitter_card":"summary_large_image","twitter_site":"@brunodauce","twitter_misc":{"Est. reading time":"5 minutes"},"schema":{"@context":"https:\/\/schema.org","@graph":[{"@type":"WebPage","@id":"http:\/\/www.mercadoc.org\/cms\/marketing-olfactif\/","url":"http:\/\/www.mercadoc.org\/cms\/marketing-olfactif\/","name":"Et le marketing olfactif ? - Mercadoc","isPartOf":{"@id":"http:\/\/www.mercadoc.org\/cms\/#website"},"primaryImageOfPage":{"@id":"http:\/\/www.mercadoc.org\/cms\/marketing-olfactif\/#primaryimage"},"image":{"@id":"http:\/\/www.mercadoc.org\/cms\/marketing-olfactif\/#primaryimage"},"thumbnailUrl":"http:\/\/www.mercadoc.org\/cms\/wp-content\/uploads\/2014\/01\/Photo-058-flacons-300x197.jpg","datePublished":"2014-07-12T08:50:06+00:00","dateModified":"2017-06-06T13:08:30+00:00","description":"En raison de son lien fort avec les \u00e9motions, le marketing olfactif est un outil privil\u00e9gi\u00e9 des professionnels souhaitant r\u00e9enchanter la consommation.","breadcrumb":{"@id":"http:\/\/www.mercadoc.org\/cms\/marketing-olfactif\/#breadcrumb"},"inLanguage":"en-US","potentialAction":[{"@type":"ReadAction","target":["http:\/\/www.mercadoc.org\/cms\/marketing-olfactif\/"]}]},{"@type":"ImageObject","inLanguage":"en-US","@id":"http:\/\/www.mercadoc.org\/cms\/marketing-olfactif\/#primaryimage","url":"","contentUrl":""},{"@type":"BreadcrumbList","@id":"http:\/\/www.mercadoc.org\/cms\/marketing-olfactif\/#breadcrumb","itemListElement":[{"@type":"ListItem","position":1,"name":"Accueil","item":"http:\/\/www.mercadoc.org\/cms\/"},{"@type":"ListItem","position":2,"name":"Et le marketing olfactif ?"}]},{"@type":"WebSite","@id":"http:\/\/www.mercadoc.org\/cms\/#website","url":"http:\/\/www.mercadoc.org\/cms\/","name":"Mercadoc","description":"","potentialAction":[{"@type":"SearchAction","target":{"@type":"EntryPoint","urlTemplate":"http:\/\/www.mercadoc.org\/cms\/?s={search_term_string}"},"query-input":{"@type":"PropertyValueSpecification","valueRequired":true,"valueName":"search_term_string"}}],"inLanguage":"en-US"}]}},"_links":{"self":[{"href":"http:\/\/www.mercadoc.org\/cms\/wp-json\/wp\/v2\/pages\/167","targetHints":{"allow":["GET"]}}],"collection":[{"href":"http:\/\/www.mercadoc.org\/cms\/wp-json\/wp\/v2\/pages"}],"about":[{"href":"http:\/\/www.mercadoc.org\/cms\/wp-json\/wp\/v2\/types\/page"}],"author":[{"embeddable":true,"href":"http:\/\/www.mercadoc.org\/cms\/wp-json\/wp\/v2\/users\/1"}],"replies":[{"embeddable":true,"href":"http:\/\/www.mercadoc.org\/cms\/wp-json\/wp\/v2\/comments?post=167"}],"version-history":[{"count":4,"href":"http:\/\/www.mercadoc.org\/cms\/wp-json\/wp\/v2\/pages\/167\/revisions"}],"predecessor-version":[{"id":28169,"href":"http:\/\/www.mercadoc.org\/cms\/wp-json\/wp\/v2\/pages\/167\/revisions\/28169"}],"wp:attachment":[{"href":"http:\/\/www.mercadoc.org\/cms\/wp-json\/wp\/v2\/media?parent=167"}],"curies":[{"name":"wp","href":"https:\/\/api.w.org\/{rel}","templated":true}]}}